{"id":9,"date":"2015-04-12T13:27:54","date_gmt":"2015-04-12T13:27:54","guid":{"rendered":"http:\/\/www.dreyer-weine.de\/site\/?page_id=9"},"modified":"2017-11-20T12:27:38","modified_gmt":"2017-11-20T11:27:38","slug":"home","status":"publish","type":"page","link":"https:\/\/www.dreyer-weine.de\/site\/","title":{"rendered":"Home"},"content":{"rendered":"<p>[vc_row][vc_column][rev_slider_vc alias=&#8220;slider-1&#8243;][\/vc_column][\/vc_row][vc_row][vc_column]<section class=\"white-wrapper\">\r\n    <div class=\"container\">\r\n\r\n        \t\t\t\r\n\t\t\t<div class=\"general-title\">\r\n\t\t\t\t<h2>Herzlich Willkommen<\/h2>\r\n\t\t\t\t<hr>\r\n\t\t\t\t<p class=\"lead\">bei dreyer-weine.de \u2013 Exklusive spanische Weine und Tapas<\/p>\r\n\t\t\t<\/div>\r\n\t\t\r\n\t\t\t\t\r\n        <div class=\"services-one padding-top text-center\">\r\n        \t \r\n\t\t\t \r\n\t\t\t\t<div class=\"col-lg-4 col-md-4 col-sm-6 col-xs-12 first\">\r\n                \r\n\t\t\t\t\t<div class=\"servicebox\">\r\n\t\t\t\t\t\t\r\n\t\t\t\t\t\t\t\r\n\t\t\t\t\t\t<a href=\"\/site\/info\/denkzettel\/\" title=\"Denkzettel\">\r\n\t\t\t\t\t\t\t<div class=\"service-icon\">\r\n\t\t\t\t\t\t\t\t<i class=\"fa  fa-4x\"><\/i>\r\n\t\t\t\t\t\t\t<\/div>\r\n\t\t\t\t\t\t<\/a>\r\n\t\t\t\t\t\t<div class=\"title\">\r\n\t\t\t\t\t\t\t<h3>Denkzettel<\/h3>\r\n\t\t\t\t\t\t<\/div>\r\n\t\t\t\t\t\t\r\n\t\t\t\t\t\t<p>Die Dreyer-Philosophie &#8222;man ist, was man isst&#8220; f\u00fchrt direkt zu einem skeptischen\u00a0Umgang mit Fragen moderner Landwirtschaft\u00a0und sucht den konstruktiven Dialog bei Umweltthemen.<\/p>\r\n\t\t\t\t\t\t\r\n\t\t\t\t\t\t<a class=\"readmore\" href=\"\/site\/info\/denkzettel\/\" title=\"Denkzettel\">Read more...<\/a>\r\n\t\t\t\t\t\r\n\t\t\t\t\t<\/div>\r\n\r\n\t\t\t\t<\/div>\r\n             \r\n\t\t\t\t<div class=\"col-lg-4 col-md-4 col-sm-6 col-xs-12 \">\r\n                \r\n\t\t\t\t\t<div class=\"servicebox\">\r\n\t\t\t\t\t\t\r\n\t\t\t\t\t\t\t\r\n\t\t\t\t\t\t<a href=\"\/site\/info\/partner\/\" title=\"Lieferanten\">\r\n\t\t\t\t\t\t\t<div class=\"service-icon\">\r\n\t\t\t\t\t\t\t\t<i class=\"fa  fa-4x\"><\/i>\r\n\t\t\t\t\t\t\t<\/div>\r\n\t\t\t\t\t\t<\/a>\r\n\t\t\t\t\t\t<div class=\"title\">\r\n\t\t\t\t\t\t\t<h3>Lieferanten<\/h3>\r\n\t\t\t\t\t\t<\/div>\r\n\t\t\t\t\t\t\r\n\t\t\t\t\t\t<p>Wer versteht, wie die Lieferanten von 3er exklusive Weine &amp; Tapas denken und Handeln, versteht auch das 3er-Sortiment besser. Lernen Sie hier die Lieferanten kennen.<\/p>\r\n\t\t\t\t\t\t\r\n\t\t\t\t\t\t<a class=\"readmore\" href=\"\/site\/info\/partner\/\" title=\"Lieferanten\">Read more...<\/a>\r\n\t\t\t\t\t\r\n\t\t\t\t\t<\/div>\r\n\r\n\t\t\t\t<\/div>\r\n             \r\n\t\t\t\t<div class=\"col-lg-4 col-md-4 col-sm-6 col-xs-12 last\">\r\n                \r\n\t\t\t\t\t<div class=\"servicebox\">\r\n\t\t\t\t\t\t\r\n\t\t\t\t\t\t\t\r\n\t\t\t\t\t\t<a href=\"\/site\/info\/weinbewertung\/\" title=\"Weinbewertung\">\r\n\t\t\t\t\t\t\t<div class=\"service-icon\">\r\n\t\t\t\t\t\t\t\t<i class=\"fa  fa-4x\"><\/i>\r\n\t\t\t\t\t\t\t<\/div>\r\n\t\t\t\t\t\t<\/a>\r\n\t\t\t\t\t\t<div class=\"title\">\r\n\t\t\t\t\t\t\t<h3>Weinbewertung<\/h3>\r\n\t\t\t\t\t\t<\/div>\r\n\t\t\t\t\t\t\r\n\t\t\t\t\t\t<p>Nat\u00fcrlich ist die Bewertung nur ein Richtmass, ein Wein ist gut, wenn er Ihnen schmeckt, egal wie viele Punkte er bekommen hat.<\/p>\r\n\t\t\t\t\t\t\r\n\t\t\t\t\t\t<a class=\"readmore\" href=\"\/site\/info\/weinbewertung\/\" title=\"Weinbewertung\">Read more...<\/a>\r\n\t\t\t\t\t\r\n\t\t\t\t\t<\/div>\r\n\r\n\t\t\t\t<\/div>\r\n                         \r\n        <\/div>\r\n    <\/div>\r\n<\/section>\r\n\r\n[\/vc_column][\/vc_row][vc_row][vc_column]\r\n<div id=\"one-parallax\" class=\"parallax\" style=\"background-image: url('https:\/\/www.dreyer-weine.de\/site\/wp-content\/uploads\/2015\/04\/3er_Home_Parallax1_Windmill.jpg');\" data-stellar-background-ratio=\"0.6\" data-stellar-vertical-offset=\"20\">\r\n    <div class=\"padding-top jt-shadow custom-wrapper\">\r\n        <div class=\"container\">\r\n            <div class=\"testimonial-widget\">\r\n                <div id=\"owl-testimonial\" class=\"owl-carousel\">\r\n                \t                    <div class=\"testimonial\">\r\n\t\t\t\t\t\t                        <p class=\"lead\">Spanien ist ein Schlaraffenland; in den Tapas-Bars h\u00e4ngt der Himmel voller Schinken, in den Regalen der Feinkostl\u00e4den stapeln sich verf\u00fchrerische Zutaten und Gl\u00e4ser mit eingelegten Gem\u00fcsen oder Oliven. Die Vielfalt der Weine aus den unterschiedlichen Anbaugebieten, hat schon Generationen beeindruckt. Ideale klimatische Bedingungen beg\u00fcnstigen nicht nur Weinanbau, sondern auch andere landwirtschaftliche Gaumenfreuden. Spanien ist einer der gr\u00f6\u00dften Produzenten von Oliven\u00f6l. So abwechslungsreich und \u00fcberraschend\u00a0wie das Land, ist auch die K\u00fcche. Entdecken Sie spanische Esskultur in Hochform. Dreyer holt das Feinschmecker-Paradies nach Deutschland. Liebhaber exklusiver Zutaten finden bei Dreyer exklusive Weine &amp;\u00a0Tapas neue Inspiration.<\/p>\r\n                        <h3>Schlaraffenland - <\/h3>\r\n                    <\/div>\r\n                    \r\n                                         \r\n                <\/div>\r\n\t\t\t\t<br \/>\r\n            <\/div>             \r\n        <\/div>\r\n    <\/div>\r\n\r\n<\/div>\r\n<script>\r\njQuery(document).ready(function($) {\r\n    \r\n\t$(\"#owl-testimonial\").owlCarousel({\r\n\t\titems : 1,\r\n\t\tlazyLoad : true,\r\n\t\tnavigation : false,\r\n\t\tautoPlay: true\r\n    });\r\n});\r\n<\/script>\r\n\r\n[\/vc_column][\/vc_row][vc_row][vc_column]<div class=\"grey-wrapper jt-shadow\">\r\n    <div class=\"container\">\r\n        <div class=\"col-lg-5 col-md-5 col-sm-5 col-xs-12\">\r\n                    <img width=\"800\" height=\"569\" src=\"https:\/\/www.dreyer-weine.de\/site\/wp-content\/uploads\/2015\/04\/3er_Home_HerzlichWillkommen_CD2.jpg\" class=\"img-responsive\" alt=\"\" loading=\"lazy\" srcset=\"https:\/\/www.dreyer-weine.de\/site\/wp-content\/uploads\/2015\/04\/3er_Home_HerzlichWillkommen_CD2.jpg 800w, https:\/\/www.dreyer-weine.de\/site\/wp-content\/uploads\/2015\/04\/3er_Home_HerzlichWillkommen_CD2-300x213.jpg 300w\" sizes=\"(max-width: 800px) 100vw, 800px\" \/>        <\/div>\r\n        <div class=\"col-lg-7 col-md-7 col-sm-7 col-xs-12\">\r\n            <div class=\"widget custom-widget\">\r\n                <h2>Manchmal schreibt das Leben eben seine eigene Geschichte<\/h2>\r\n                <p>Eine Geschichte, die man annehmen sollte. In meinem Fall war dies eine lebensbedrohliche Erkrankung im Jahre 1994, die mich dazu veranlasste, mein altes Leben hinter mir zu lassen, um mich dem Thema \u201eWein\u201c zuzuwenden, insbesondere Spaniens, da ich hier das gr\u00f6\u00dfte, noch unerschlossene Genusspotential gesehen habe.<br \/>\nDie Abrundung des Thema Weins mit &#8222;Food&#8220; war in den Jahren danach fast zwangsl\u00e4ufig, da ich alles zeigen wollte, was dieses gro\u00dfe Land repr\u00e4sentiert. Oft werde ich gefragt, ob denn zu dieser T\u00e4tigkeit ein Universit\u00e4tsstudium Bedingung gewesen sei.<br \/>\nWie gesagt, das Leben schreibt mit an der eigenen Geschichte! Ein Qu\u00e4ntchen Demut kann auch nicht schaden.<\/p>\n<p>Christoph Dreyer<\/p>\n            <\/div><!-- end widget -->\r\n        <\/div>          \r\n    <\/div><!-- end container -->\r\n<\/div>\r\n\r\n[\/vc_column][\/vc_row][vc_row][vc_column]<section class=\"make-bg-full\" style=\"background-color:\">\r\n    <div class=\"calloutbox-full container\">\r\n        <h2>Besuchen Sie doch jetzt unseren Shop<\/h2>\r\n        <p class=\"lead\">Und erfahren Sie was Genuss wirklich bedeutet.<\/p>\r\n        <a class=\"btn btn-dark btn-lg\" href=\"https:\/\/www.dreyer-weine.de\/Shop-fuer-spanische-Produkte\/index.html\">Zum 3er Online-Shop<\/a>\r\n    <\/div><!-- end calloutbox -->\r\n<\/section>\r\n[\/vc_column][\/vc_row]<\/p>\n","protected":false},"excerpt":{"rendered":"<p>[vc_row][vc_column][rev_slider_vc alias=&#8220;slider-1&#8243;][\/vc_column][\/vc_row][vc_row][vc_column][\/vc_column][\/vc_row][vc_row][vc_column][\/vc_column][\/vc_row][vc_row][vc_column][\/vc_column][\/vc_row][vc_row][vc_column][\/vc_column][\/vc_row]<\/p>\n","protected":false},"author":1,"featured_media":0,"parent":0,"menu_order":0,"comment_status":"closed","ping_status":"open","template":"tpl-visual_composer.php","meta":[],"yoast_head":"<!-- This site is optimized with the Yoast SEO plugin v18.4.1 - https:\/\/yoast.com\/wordpress\/plugins\/seo\/ -->\n<title>Home - 3er - Exklusive spanische Weine und Tapas<\/title>\n<meta name=\"robots\" content=\"index, follow, max-snippet:-1, max-image-preview:large, max-video-preview:-1\" \/>\n<link rel=\"canonical\" href=\"https:\/\/www.dreyer-weine.de\/site\/\" \/>\n<meta property=\"og:locale\" content=\"de_DE\" \/>\n<meta property=\"og:type\" content=\"article\" \/>\n<meta property=\"og:title\" content=\"Home - 3er - Exklusive spanische Weine und Tapas\" \/>\n<meta property=\"og:description\" content=\"[vc_row][vc_column][rev_slider_vc alias=&#8220;slider-1&#8243;][\/vc_column][\/vc_row][vc_row][vc_column][\/vc_column][\/vc_row][vc_row][vc_column][\/vc_column][\/vc_row][vc_row][vc_column][\/vc_column][\/vc_row][vc_row][vc_column][\/vc_column][\/vc_row]\" \/>\n<meta property=\"og:url\" content=\"https:\/\/www.dreyer-weine.de\/site\/\" \/>\n<meta property=\"og:site_name\" content=\"3er - Exklusive spanische Weine und Tapas\" \/>\n<meta property=\"article:modified_time\" content=\"2017-11-20T11:27:38+00:00\" \/>\n<meta name=\"twitter:card\" content=\"summary_large_image\" \/>\n<meta name=\"twitter:label1\" content=\"Gesch\u00e4tzte Lesezeit\" \/>\n\t<meta name=\"twitter:data1\" content=\"1 Minute\" \/>\n<script type=\"application\/ld+json\" class=\"yoast-schema-graph\">{\"@context\":\"https:\/\/schema.org\",\"@graph\":[{\"@type\":\"WebSite\",\"@id\":\"https:\/\/www.dreyer-weine.de\/site\/#website\",\"url\":\"https:\/\/www.dreyer-weine.de\/site\/\",\"name\":\"3er - Exklusive spanische Weine und Tapas\",\"description\":\"Willkommen bei Dreyer Weine - ein Zuhause f\u00fcr den guten Geschmack, einzigartig in dieser Kombination.\",\"potentialAction\":[{\"@type\":\"SearchAction\",\"target\":{\"@type\":\"EntryPoint\",\"urlTemplate\":\"https:\/\/www.dreyer-weine.de\/site\/?s={search_term_string}\"},\"query-input\":\"required name=search_term_string\"}],\"inLanguage\":\"de-DE\"},{\"@type\":\"WebPage\",\"@id\":\"https:\/\/www.dreyer-weine.de\/site\/#webpage\",\"url\":\"https:\/\/www.dreyer-weine.de\/site\/\",\"name\":\"Home - 3er - Exklusive spanische Weine und Tapas\",\"isPartOf\":{\"@id\":\"https:\/\/www.dreyer-weine.de\/site\/#website\"},\"datePublished\":\"2015-04-12T13:27:54+00:00\",\"dateModified\":\"2017-11-20T11:27:38+00:00\",\"breadcrumb\":{\"@id\":\"https:\/\/www.dreyer-weine.de\/site\/#breadcrumb\"},\"inLanguage\":\"de-DE\",\"potentialAction\":[{\"@type\":\"ReadAction\",\"target\":[\"https:\/\/www.dreyer-weine.de\/site\/\"]}]},{\"@type\":\"BreadcrumbList\",\"@id\":\"https:\/\/www.dreyer-weine.de\/site\/#breadcrumb\",\"itemListElement\":[{\"@type\":\"ListItem\",\"position\":1,\"name\":\"Home\",\"item\":\"https:\/\/www.dreyer-weine.de\/site\/\"},{\"@type\":\"ListItem\",\"position\":2,\"name\":\"Home\"}]}]}<\/script>\n<!-- \/ Yoast SEO plugin. -->","yoast_head_json":{"title":"Home - 3er - Exklusive spanische Weine und Tapas","robots":{"index":"index","follow":"follow","max-snippet":"max-snippet:-1","max-image-preview":"max-image-preview:large","max-video-preview":"max-video-preview:-1"},"canonical":"https:\/\/www.dreyer-weine.de\/site\/","og_locale":"de_DE","og_type":"article","og_title":"Home - 3er - Exklusive spanische Weine und Tapas","og_description":"[vc_row][vc_column][rev_slider_vc alias=&#8220;slider-1&#8243;][\/vc_column][\/vc_row][vc_row][vc_column][\/vc_column][\/vc_row][vc_row][vc_column][\/vc_column][\/vc_row][vc_row][vc_column][\/vc_column][\/vc_row][vc_row][vc_column][\/vc_column][\/vc_row]","og_url":"https:\/\/www.dreyer-weine.de\/site\/","og_site_name":"3er - Exklusive spanische Weine und Tapas","article_modified_time":"2017-11-20T11:27:38+00:00","twitter_card":"summary_large_image","twitter_misc":{"Gesch\u00e4tzte Lesezeit":"1 Minute"},"schema":{"@context":"https:\/\/schema.org","@graph":[{"@type":"WebSite","@id":"https:\/\/www.dreyer-weine.de\/site\/#website","url":"https:\/\/www.dreyer-weine.de\/site\/","name":"3er - Exklusive spanische Weine und Tapas","description":"Willkommen bei Dreyer Weine - ein Zuhause f\u00fcr den guten Geschmack, einzigartig in dieser Kombination.","potentialAction":[{"@type":"SearchAction","target":{"@type":"EntryPoint","urlTemplate":"https:\/\/www.dreyer-weine.de\/site\/?s={search_term_string}"},"query-input":"required name=search_term_string"}],"inLanguage":"de-DE"},{"@type":"WebPage","@id":"https:\/\/www.dreyer-weine.de\/site\/#webpage","url":"https:\/\/www.dreyer-weine.de\/site\/","name":"Home - 3er - Exklusive spanische Weine und Tapas","isPartOf":{"@id":"https:\/\/www.dreyer-weine.de\/site\/#website"},"datePublished":"2015-04-12T13:27:54+00:00","dateModified":"2017-11-20T11:27:38+00:00","breadcrumb":{"@id":"https:\/\/www.dreyer-weine.de\/site\/#breadcrumb"},"inLanguage":"de-DE","potentialAction":[{"@type":"ReadAction","target":["https:\/\/www.dreyer-weine.de\/site\/"]}]},{"@type":"BreadcrumbList","@id":"https:\/\/www.dreyer-weine.de\/site\/#breadcrumb","itemListElement":[{"@type":"ListItem","position":1,"name":"Home","item":"https:\/\/www.dreyer-weine.de\/site\/"},{"@type":"ListItem","position":2,"name":"Home"}]}]}},"_links":{"self":[{"href":"https:\/\/www.dreyer-weine.de\/site\/wp-json\/wp\/v2\/pages\/9"}],"collection":[{"href":"https:\/\/www.dreyer-weine.de\/site\/wp-json\/wp\/v2\/pages"}],"about":[{"href":"https:\/\/www.dreyer-weine.de\/site\/wp-json\/wp\/v2\/types\/page"}],"author":[{"embeddable":true,"href":"https:\/\/www.dreyer-weine.de\/site\/wp-json\/wp\/v2\/users\/1"}],"replies":[{"embeddable":true,"href":"https:\/\/www.dreyer-weine.de\/site\/wp-json\/wp\/v2\/comments?post=9"}],"version-history":[{"count":125,"href":"https:\/\/www.dreyer-weine.de\/site\/wp-json\/wp\/v2\/pages\/9\/revisions"}],"predecessor-version":[{"id":1976,"href":"https:\/\/www.dreyer-weine.de\/site\/wp-json\/wp\/v2\/pages\/9\/revisions\/1976"}],"wp:attachment":[{"href":"https:\/\/www.dreyer-weine.de\/site\/wp-json\/wp\/v2\/media?parent=9"}],"curies":[{"name":"wp","href":"https:\/\/api.w.org\/{rel}","templated":true}]}}