{"id":879,"date":"2015-05-05T19:33:47","date_gmt":"2015-05-05T19:33:47","guid":{"rendered":"http:\/\/www.dreyer-weine.de\/site\/?page_id=879"},"modified":"2015-05-21T10:47:45","modified_gmt":"2015-05-21T10:47:45","slug":"weinbewertung","status":"publish","type":"page","link":"https:\/\/www.dreyer-weine.de\/site\/info\/weinbewertung\/","title":{"rendered":"Weinbewertung"},"content":{"rendered":"<p class=\"p1\"><span class=\"s1\">Weder PARKER noch PE\u00d1\u00cdN testen immer den zum aktuellen Zeitpunkt verf\u00fcgbaren Wein. Es kann also sein, dass der jeweilige Jahrgang\u00a0hochbewertet wird, jedoch oft erst zum Zeitpunkt des Nachfolgejahrganges. Der Vorg\u00e4nger ist jedoch schon l\u00e4ngst verkauft und dennoch steht Jahr und Testnote noch im Katalog. Angegeben wird von uns immer das Jahr, in dem bewertet wurde, wenn m\u00f6glich wird der Test-Jahrgang zus\u00e4tzlich angegeben. Wir bitten um Nachsicht, wenn uns diese Fakten nicht immer komplett vorliegen.<\/span><\/p>\n<p class=\"p1\"><span class=\"s1\">PE\u00d1\u00cdN Der seit 1990 von Jos\u00e9 Pe\u00f1in herausgegebene, j\u00e4hrlich aktualisiert erscheinende und mit voller Bezeichnung &#8222;Gu\u00eda Pe\u00f1in de los Vinos de Espa\u00f1a&#8220; lautende &#8222;Penin&#8220; ist das umfassende wie informative Nachschlagewerk \u00fcber die besten spanischen Weine mit fachlich fundierten, absolut ehrlichen und vor allem unabh\u00e4ngigen Kritiken, da er sich nicht aus Anzeigen von Winzern und Weinh\u00e4ndlern finanziert. Umfang: 10.500 erfasste und aktualisierte Weine, mehr als 5.700 degustierte und unabh\u00e4ngig bewertete Weine.<\/span><\/p>\n<p class=\"p1\"><span class=\"s1\">PARKER Die bekannteste Bewertung von Weinen unter Weinliebhabern ist wohl das Bewertungssystem von dem bekannten und manchmal auch gef\u00fcrchteten Weinkritiker Robert Parker, der die Bewertung in Hundert Punkte unterteilt hat.<\/span><\/p>\n<p class=\"p1\"><span class=\"s1\">Der Basiswert ist 50 Punkte, dazu wird ein Wert von 5 Punkten f\u00fcr das Aussehen des Weins, 15 Punkte f\u00fcr den Geruch, 20 Punkte f\u00fcr den Geschmack und weitere 10 Punkte f\u00fcr den Gesamteindruck vergeben, so das im Idealfall ein Wert von 100 Punkten herauskommt, der aber nur ganz selten vergeben wird und absolut aussergew\u00f6hnlichen Weinen vorbehalten ist.<\/span><\/p>\n<p class=\"p1\"><span class=\"s1\">\u2022 Schwach 50-75 <\/span><\/p>\n<p class=\"p1\"><span class=\"s1\">\u2022 Durchschnittlich 75-79<\/span><\/p>\n<p class=\"p1\"><span class=\"s1\">\u2022 Gelungen 80-84 <\/span><\/p>\n<p class=\"p1\"><span class=\"s1\">\u2022 Sehr gelungen 85-89 <\/span><\/p>\n<p class=\"p1\"><span class=\"s1\">\u2022 Bemerkenswert 90-95 <\/span><\/p>\n<p class=\"p1\"><span class=\"s1\">\u2022 Aussergew\u00f6hnlich 96-100 <\/span><\/p>\n","protected":false},"excerpt":{"rendered":"<p>Weder PARKER noch PE\u00d1\u00cdN testen immer den zum aktuellen Zeitpunkt verf\u00fcgbaren Wein. Es kann also sein, dass der jeweilige Jahrgang\u00a0hochbewertet wird, jedoch oft erst zum Zeitpunkt des Nachfolgejahrganges. Der Vorg\u00e4nger ist jedoch schon l\u00e4ngst verkauft und dennoch steht Jahr und Testnote noch im Katalog. Angegeben wird von uns immer das Jahr, in dem bewertet wurde,<\/p>\n","protected":false},"author":1,"featured_media":0,"parent":22,"menu_order":0,"comment_status":"closed","ping_status":"open","template":"","meta":[],"yoast_head":"<!-- This site is optimized with the Yoast SEO plugin v18.4.1 - https:\/\/yoast.com\/wordpress\/plugins\/seo\/ -->\n<title>Weinbewertung - 3er - Exklusive spanische Weine und Tapas<\/title>\n<meta name=\"robots\" content=\"index, follow, max-snippet:-1, max-image-preview:large, max-video-preview:-1\" \/>\n<link rel=\"canonical\" href=\"https:\/\/www.dreyer-weine.de\/site\/info\/weinbewertung\/\" \/>\n<meta property=\"og:locale\" content=\"de_DE\" \/>\n<meta property=\"og:type\" content=\"article\" \/>\n<meta property=\"og:title\" content=\"Weinbewertung - 3er - Exklusive spanische Weine und Tapas\" \/>\n<meta property=\"og:description\" content=\"Weder PARKER noch PE\u00d1\u00cdN testen immer den zum aktuellen Zeitpunkt verf\u00fcgbaren Wein. Es kann also sein, dass der jeweilige Jahrgang\u00a0hochbewertet wird, jedoch oft erst zum Zeitpunkt des Nachfolgejahrganges. Der Vorg\u00e4nger ist jedoch schon l\u00e4ngst verkauft und dennoch steht Jahr und Testnote noch im Katalog. Angegeben wird von uns immer das Jahr, in dem bewertet wurde,\" \/>\n<meta property=\"og:url\" content=\"https:\/\/www.dreyer-weine.de\/site\/info\/weinbewertung\/\" \/>\n<meta property=\"og:site_name\" content=\"3er - Exklusive spanische Weine und Tapas\" \/>\n<meta property=\"article:modified_time\" content=\"2015-05-21T10:47:45+00:00\" \/>\n<meta name=\"twitter:card\" content=\"summary_large_image\" \/>\n<meta name=\"twitter:label1\" content=\"Gesch\u00e4tzte Lesezeit\" \/>\n\t<meta name=\"twitter:data1\" content=\"1 Minute\" \/>\n<script type=\"application\/ld+json\" class=\"yoast-schema-graph\">{\"@context\":\"https:\/\/schema.org\",\"@graph\":[{\"@type\":\"WebSite\",\"@id\":\"https:\/\/www.dreyer-weine.de\/site\/#website\",\"url\":\"https:\/\/www.dreyer-weine.de\/site\/\",\"name\":\"3er - Exklusive spanische Weine und Tapas\",\"description\":\"Willkommen bei Dreyer Weine - ein Zuhause f\u00fcr den guten Geschmack, einzigartig in dieser Kombination.\",\"potentialAction\":[{\"@type\":\"SearchAction\",\"target\":{\"@type\":\"EntryPoint\",\"urlTemplate\":\"https:\/\/www.dreyer-weine.de\/site\/?s={search_term_string}\"},\"query-input\":\"required name=search_term_string\"}],\"inLanguage\":\"de-DE\"},{\"@type\":\"WebPage\",\"@id\":\"https:\/\/www.dreyer-weine.de\/site\/info\/weinbewertung\/#webpage\",\"url\":\"https:\/\/www.dreyer-weine.de\/site\/info\/weinbewertung\/\",\"name\":\"Weinbewertung - 3er - Exklusive spanische Weine und Tapas\",\"isPartOf\":{\"@id\":\"https:\/\/www.dreyer-weine.de\/site\/#website\"},\"datePublished\":\"2015-05-05T19:33:47+00:00\",\"dateModified\":\"2015-05-21T10:47:45+00:00\",\"breadcrumb\":{\"@id\":\"https:\/\/www.dreyer-weine.de\/site\/info\/weinbewertung\/#breadcrumb\"},\"inLanguage\":\"de-DE\",\"potentialAction\":[{\"@type\":\"ReadAction\",\"target\":[\"https:\/\/www.dreyer-weine.de\/site\/info\/weinbewertung\/\"]}]},{\"@type\":\"BreadcrumbList\",\"@id\":\"https:\/\/www.dreyer-weine.de\/site\/info\/weinbewertung\/#breadcrumb\",\"itemListElement\":[{\"@type\":\"ListItem\",\"position\":1,\"name\":\"Home\",\"item\":\"https:\/\/www.dreyer-weine.de\/site\/\"},{\"@type\":\"ListItem\",\"position\":2,\"name\":\"Info\",\"item\":\"https:\/\/www.dreyer-weine.de\/site\/info\/\"},{\"@type\":\"ListItem\",\"position\":3,\"name\":\"Weinbewertung\"}]}]}<\/script>\n<!-- \/ Yoast SEO plugin. -->","yoast_head_json":{"title":"Weinbewertung - 3er - Exklusive spanische Weine und Tapas","robots":{"index":"index","follow":"follow","max-snippet":"max-snippet:-1","max-image-preview":"max-image-preview:large","max-video-preview":"max-video-preview:-1"},"canonical":"https:\/\/www.dreyer-weine.de\/site\/info\/weinbewertung\/","og_locale":"de_DE","og_type":"article","og_title":"Weinbewertung - 3er - Exklusive spanische Weine und Tapas","og_description":"Weder PARKER noch PE\u00d1\u00cdN testen immer den zum aktuellen Zeitpunkt verf\u00fcgbaren Wein. Es kann also sein, dass der jeweilige Jahrgang\u00a0hochbewertet wird, jedoch oft erst zum Zeitpunkt des Nachfolgejahrganges. Der Vorg\u00e4nger ist jedoch schon l\u00e4ngst verkauft und dennoch steht Jahr und Testnote noch im Katalog. Angegeben wird von uns immer das Jahr, in dem bewertet wurde,","og_url":"https:\/\/www.dreyer-weine.de\/site\/info\/weinbewertung\/","og_site_name":"3er - Exklusive spanische Weine und Tapas","article_modified_time":"2015-05-21T10:47:45+00:00","twitter_card":"summary_large_image","twitter_misc":{"Gesch\u00e4tzte Lesezeit":"1 Minute"},"schema":{"@context":"https:\/\/schema.org","@graph":[{"@type":"WebSite","@id":"https:\/\/www.dreyer-weine.de\/site\/#website","url":"https:\/\/www.dreyer-weine.de\/site\/","name":"3er - Exklusive spanische Weine und Tapas","description":"Willkommen bei Dreyer Weine - ein Zuhause f\u00fcr den guten Geschmack, einzigartig in dieser Kombination.","potentialAction":[{"@type":"SearchAction","target":{"@type":"EntryPoint","urlTemplate":"https:\/\/www.dreyer-weine.de\/site\/?s={search_term_string}"},"query-input":"required name=search_term_string"}],"inLanguage":"de-DE"},{"@type":"WebPage","@id":"https:\/\/www.dreyer-weine.de\/site\/info\/weinbewertung\/#webpage","url":"https:\/\/www.dreyer-weine.de\/site\/info\/weinbewertung\/","name":"Weinbewertung - 3er - Exklusive spanische Weine und Tapas","isPartOf":{"@id":"https:\/\/www.dreyer-weine.de\/site\/#website"},"datePublished":"2015-05-05T19:33:47+00:00","dateModified":"2015-05-21T10:47:45+00:00","breadcrumb":{"@id":"https:\/\/www.dreyer-weine.de\/site\/info\/weinbewertung\/#breadcrumb"},"inLanguage":"de-DE","potentialAction":[{"@type":"ReadAction","target":["https:\/\/www.dreyer-weine.de\/site\/info\/weinbewertung\/"]}]},{"@type":"BreadcrumbList","@id":"https:\/\/www.dreyer-weine.de\/site\/info\/weinbewertung\/#breadcrumb","itemListElement":[{"@type":"ListItem","position":1,"name":"Home","item":"https:\/\/www.dreyer-weine.de\/site\/"},{"@type":"ListItem","position":2,"name":"Info","item":"https:\/\/www.dreyer-weine.de\/site\/info\/"},{"@type":"ListItem","position":3,"name":"Weinbewertung"}]}]}},"_links":{"self":[{"href":"https:\/\/www.dreyer-weine.de\/site\/wp-json\/wp\/v2\/pages\/879"}],"collection":[{"href":"https:\/\/www.dreyer-weine.de\/site\/wp-json\/wp\/v2\/pages"}],"about":[{"href":"https:\/\/www.dreyer-weine.de\/site\/wp-json\/wp\/v2\/types\/page"}],"author":[{"embeddable":true,"href":"https:\/\/www.dreyer-weine.de\/site\/wp-json\/wp\/v2\/users\/1"}],"replies":[{"embeddable":true,"href":"https:\/\/www.dreyer-weine.de\/site\/wp-json\/wp\/v2\/comments?post=879"}],"version-history":[{"count":4,"href":"https:\/\/www.dreyer-weine.de\/site\/wp-json\/wp\/v2\/pages\/879\/revisions"}],"predecessor-version":[{"id":1355,"href":"https:\/\/www.dreyer-weine.de\/site\/wp-json\/wp\/v2\/pages\/879\/revisions\/1355"}],"up":[{"embeddable":true,"href":"https:\/\/www.dreyer-weine.de\/site\/wp-json\/wp\/v2\/pages\/22"}],"wp:attachment":[{"href":"https:\/\/www.dreyer-weine.de\/site\/wp-json\/wp\/v2\/media?parent=879"}],"curies":[{"name":"wp","href":"https:\/\/api.w.org\/{rel}","templated":true}]}}