{"id":79,"date":"2015-01-10T15:42:38","date_gmt":"2015-01-10T15:42:38","guid":{"rendered":"http:\/\/www.dreyer-weine.de\/site\/?page_id=79"},"modified":"2015-05-21T10:50:51","modified_gmt":"2015-05-21T10:50:51","slug":"spirituosen","status":"publish","type":"page","link":"https:\/\/www.dreyer-weine.de\/site\/spirituosen\/","title":{"rendered":"Spirituosen"},"content":{"rendered":"<p>[vc_row][vc_column width=&#8220;1\/1&#8243;]<div class=\"grey-wrapper jt-shadow\">\r\n    <div class=\"container\">\r\n        <div class=\"col-lg-5 col-md-5 col-sm-5 col-xs-12\">\r\n                    <img width=\"1920\" height=\"1280\" src=\"https:\/\/www.dreyer-weine.de\/site\/wp-content\/uploads\/2015\/01\/3er_Produkte_Spirituosen.jpg\" class=\"img-responsive\" alt=\"\" loading=\"lazy\" srcset=\"https:\/\/www.dreyer-weine.de\/site\/wp-content\/uploads\/2015\/01\/3er_Produkte_Spirituosen.jpg 1920w, https:\/\/www.dreyer-weine.de\/site\/wp-content\/uploads\/2015\/01\/3er_Produkte_Spirituosen-300x200.jpg 300w, https:\/\/www.dreyer-weine.de\/site\/wp-content\/uploads\/2015\/01\/3er_Produkte_Spirituosen-1024x683.jpg 1024w, https:\/\/www.dreyer-weine.de\/site\/wp-content\/uploads\/2015\/01\/3er_Produkte_Spirituosen-600x400.jpg 600w, https:\/\/www.dreyer-weine.de\/site\/wp-content\/uploads\/2015\/01\/3er_Produkte_Spirituosen-820x548.jpg 820w\" sizes=\"(max-width: 1920px) 100vw, 1920px\" \/>        <\/div>\r\n        <div class=\"col-lg-7 col-md-7 col-sm-7 col-xs-12\">\r\n            <div class=\"widget custom-widget\">\r\n                <h2>Spirituosen - ein neues Gef\u00fchl<\/h2>\r\n                <p>Entdecken Sie die Welt der &#8222;geistigen Weine&#8220;, Lik\u00f6re und Br\u00e4nde bei Dreyer, Ihren Importeur erstklassiger spanischer Spirituosen. Eine gute &#8222;Begleitung&#8220; ist\u00a0ein Sherry immer da, wo die S\u00e4ure (und Fruchtbetonung) eines frischen Wei\u00dfweines nicht mit der Speise harmoniert.<\/p>\n<p>Ich denke an Anchovis, Oliven, hochwertigen Dosenfisch, Schinken und Wurstwaren, aber auch an verschiedene Gem\u00fcse wie Paprika, Bohnen, Kichererbsen, Kartoffeln.<\/p>\n<p>Unsere Spirituosen lassen Sie besondere Augenblicke, die sich vom Alltag abheben, noch intensiver erleben.<br \/>\nTesten Sie die von uns sorgf\u00e4ltig ausgew\u00e4hlten Hersteller und bestellen Sie Ihr Wunschprodukt noch heute in unserem Online-Shop!<\/p>\n            <\/div><!-- end widget -->\r\n        <\/div>          \r\n    <\/div><!-- end container -->\r\n<\/div>\r\n\r\n[\/vc_column][\/vc_row][vc_row][vc_column width=&#8220;1\/1&#8243;]<div class=\"grey-wrapper jt-shadow\">\r\n    <div class=\"container\">\r\n        <div class=\"col-lg-5 col-md-5 col-sm-5 col-xs-12\">\r\n                    <img width=\"800\" height=\"1000\" src=\"https:\/\/www.dreyer-weine.de\/site\/wp-content\/uploads\/2015\/01\/equiposnavazos.jpg\" class=\"img-responsive\" alt=\"\" loading=\"lazy\" srcset=\"https:\/\/www.dreyer-weine.de\/site\/wp-content\/uploads\/2015\/01\/equiposnavazos.jpg 800w, https:\/\/www.dreyer-weine.de\/site\/wp-content\/uploads\/2015\/01\/equiposnavazos-240x300.jpg 240w\" sizes=\"(max-width: 800px) 100vw, 800px\" \/>        <\/div>\r\n        <div class=\"col-lg-7 col-md-7 col-sm-7 col-xs-12\">\r\n            <div class=\"widget custom-widget\">\r\n                <h2>Sherry <\/h2>\r\n                <p>Die von uns angebotenen Weine der GRUPO NAVAZOS vermitteln ein neues Gef\u00fchl f\u00fcr das verkannte Getr\u00e4nk &#8222;Sherry&#8220;.<\/p>\n<p>Das ein FINO, nicht aufgespritet, wie ein ganz &#8222;normaler&#8220; Wein gereicht werden kann, beweisen die NAVAZOS unter der Leitung von Jesus Barqu\u00edn \u00fcberdeutlich, denn je nach Speise ist ein FINO ein besserer Weiswein-Begleiter als ein frischer Riesling oder Verdejo.<\/p>\n            <\/div><!-- end widget -->\r\n        <\/div>          \r\n    <\/div><!-- end container -->\r\n<\/div>\r\n\r\n[\/vc_column][\/vc_row][vc_row][vc_column width=&#8220;1\/1&#8243;]<section class=\"make-bg-full\" style=\"background-color:\">\r\n    <div class=\"calloutbox-full container\">\r\n        <h2>Mehr Spirituosen im Shop entdecken!<\/h2>\r\n        <p class=\"lead\"><\/p>\n<p class=\"lead\">Lernen Sie unser ausgesuchtes\u00a0Spirituosen Sortiment kennen.<\/p>\n<p><\/p>\r\n        <a class=\"btn btn-dark btn-lg\" href=\"http:\/\/www.dreyer-weine.de\/Shop-fuer-spanische-Produkte\/index.html\">Zum Shop<\/a>\r\n    <\/div><!-- end calloutbox -->\r\n<\/section>\r\n[\/vc_column][\/vc_row]<\/p>\n","protected":false},"excerpt":{"rendered":"<p>[vc_row][vc_column width=&#8220;1\/1&#8243;][\/vc_column][\/vc_row][vc_row][vc_column width=&#8220;1\/1&#8243;][\/vc_column][\/vc_row][vc_row][vc_column width=&#8220;1\/1&#8243;][\/vc_column][\/vc_row]<\/p>\n","protected":false},"author":1,"featured_media":0,"parent":0,"menu_order":0,"comment_status":"closed","ping_status":"open","template":"tpl-visual_composer.php","meta":[],"yoast_head":"<!-- This site is optimized with the Yoast SEO plugin v18.4.1 - https:\/\/yoast.com\/wordpress\/plugins\/seo\/ -->\n<title>Spirituosen - 3er - Exklusive spanische Weine und Tapas<\/title>\n<meta name=\"robots\" content=\"index, follow, max-snippet:-1, max-image-preview:large, max-video-preview:-1\" \/>\n<link rel=\"canonical\" href=\"https:\/\/www.dreyer-weine.de\/site\/spirituosen\/\" \/>\n<meta property=\"og:locale\" content=\"de_DE\" \/>\n<meta property=\"og:type\" content=\"article\" \/>\n<meta property=\"og:title\" content=\"Spirituosen - 3er - Exklusive spanische Weine und Tapas\" \/>\n<meta property=\"og:description\" content=\"[vc_row][vc_column width=&#8220;1\/1&#8243;][\/vc_column][\/vc_row][vc_row][vc_column width=&#8220;1\/1&#8243;][\/vc_column][\/vc_row][vc_row][vc_column width=&#8220;1\/1&#8243;][\/vc_column][\/vc_row]\" \/>\n<meta property=\"og:url\" content=\"https:\/\/www.dreyer-weine.de\/site\/spirituosen\/\" \/>\n<meta property=\"og:site_name\" content=\"3er - Exklusive spanische Weine und Tapas\" \/>\n<meta property=\"article:modified_time\" content=\"2015-05-21T10:50:51+00:00\" \/>\n<meta name=\"twitter:card\" content=\"summary_large_image\" \/>\n<meta name=\"twitter:label1\" content=\"Gesch\u00e4tzte Lesezeit\" \/>\n\t<meta name=\"twitter:data1\" content=\"1 Minute\" \/>\n<script type=\"application\/ld+json\" class=\"yoast-schema-graph\">{\"@context\":\"https:\/\/schema.org\",\"@graph\":[{\"@type\":\"WebSite\",\"@id\":\"https:\/\/www.dreyer-weine.de\/site\/#website\",\"url\":\"https:\/\/www.dreyer-weine.de\/site\/\",\"name\":\"3er - Exklusive spanische Weine und Tapas\",\"description\":\"Willkommen bei Dreyer Weine - ein Zuhause f\u00fcr den guten Geschmack, einzigartig in dieser Kombination.\",\"potentialAction\":[{\"@type\":\"SearchAction\",\"target\":{\"@type\":\"EntryPoint\",\"urlTemplate\":\"https:\/\/www.dreyer-weine.de\/site\/?s={search_term_string}\"},\"query-input\":\"required name=search_term_string\"}],\"inLanguage\":\"de-DE\"},{\"@type\":\"WebPage\",\"@id\":\"https:\/\/www.dreyer-weine.de\/site\/spirituosen\/#webpage\",\"url\":\"https:\/\/www.dreyer-weine.de\/site\/spirituosen\/\",\"name\":\"Spirituosen - 3er - Exklusive spanische Weine und Tapas\",\"isPartOf\":{\"@id\":\"https:\/\/www.dreyer-weine.de\/site\/#website\"},\"datePublished\":\"2015-01-10T15:42:38+00:00\",\"dateModified\":\"2015-05-21T10:50:51+00:00\",\"breadcrumb\":{\"@id\":\"https:\/\/www.dreyer-weine.de\/site\/spirituosen\/#breadcrumb\"},\"inLanguage\":\"de-DE\",\"potentialAction\":[{\"@type\":\"ReadAction\",\"target\":[\"https:\/\/www.dreyer-weine.de\/site\/spirituosen\/\"]}]},{\"@type\":\"BreadcrumbList\",\"@id\":\"https:\/\/www.dreyer-weine.de\/site\/spirituosen\/#breadcrumb\",\"itemListElement\":[{\"@type\":\"ListItem\",\"position\":1,\"name\":\"Home\",\"item\":\"https:\/\/www.dreyer-weine.de\/site\/\"},{\"@type\":\"ListItem\",\"position\":2,\"name\":\"Spirituosen\"}]}]}<\/script>\n<!-- \/ Yoast SEO plugin. -->","yoast_head_json":{"title":"Spirituosen - 3er - Exklusive spanische Weine und Tapas","robots":{"index":"index","follow":"follow","max-snippet":"max-snippet:-1","max-image-preview":"max-image-preview:large","max-video-preview":"max-video-preview:-1"},"canonical":"https:\/\/www.dreyer-weine.de\/site\/spirituosen\/","og_locale":"de_DE","og_type":"article","og_title":"Spirituosen - 3er - Exklusive spanische Weine und Tapas","og_description":"[vc_row][vc_column width=&#8220;1\/1&#8243;][\/vc_column][\/vc_row][vc_row][vc_column width=&#8220;1\/1&#8243;][\/vc_column][\/vc_row][vc_row][vc_column width=&#8220;1\/1&#8243;][\/vc_column][\/vc_row]","og_url":"https:\/\/www.dreyer-weine.de\/site\/spirituosen\/","og_site_name":"3er - Exklusive spanische Weine und Tapas","article_modified_time":"2015-05-21T10:50:51+00:00","twitter_card":"summary_large_image","twitter_misc":{"Gesch\u00e4tzte Lesezeit":"1 Minute"},"schema":{"@context":"https:\/\/schema.org","@graph":[{"@type":"WebSite","@id":"https:\/\/www.dreyer-weine.de\/site\/#website","url":"https:\/\/www.dreyer-weine.de\/site\/","name":"3er - Exklusive spanische Weine und Tapas","description":"Willkommen bei Dreyer Weine - ein Zuhause f\u00fcr den guten Geschmack, einzigartig in dieser Kombination.","potentialAction":[{"@type":"SearchAction","target":{"@type":"EntryPoint","urlTemplate":"https:\/\/www.dreyer-weine.de\/site\/?s={search_term_string}"},"query-input":"required name=search_term_string"}],"inLanguage":"de-DE"},{"@type":"WebPage","@id":"https:\/\/www.dreyer-weine.de\/site\/spirituosen\/#webpage","url":"https:\/\/www.dreyer-weine.de\/site\/spirituosen\/","name":"Spirituosen - 3er - Exklusive spanische Weine und Tapas","isPartOf":{"@id":"https:\/\/www.dreyer-weine.de\/site\/#website"},"datePublished":"2015-01-10T15:42:38+00:00","dateModified":"2015-05-21T10:50:51+00:00","breadcrumb":{"@id":"https:\/\/www.dreyer-weine.de\/site\/spirituosen\/#breadcrumb"},"inLanguage":"de-DE","potentialAction":[{"@type":"ReadAction","target":["https:\/\/www.dreyer-weine.de\/site\/spirituosen\/"]}]},{"@type":"BreadcrumbList","@id":"https:\/\/www.dreyer-weine.de\/site\/spirituosen\/#breadcrumb","itemListElement":[{"@type":"ListItem","position":1,"name":"Home","item":"https:\/\/www.dreyer-weine.de\/site\/"},{"@type":"ListItem","position":2,"name":"Spirituosen"}]}]}},"_links":{"self":[{"href":"https:\/\/www.dreyer-weine.de\/site\/wp-json\/wp\/v2\/pages\/79"}],"collection":[{"href":"https:\/\/www.dreyer-weine.de\/site\/wp-json\/wp\/v2\/pages"}],"about":[{"href":"https:\/\/www.dreyer-weine.de\/site\/wp-json\/wp\/v2\/types\/page"}],"author":[{"embeddable":true,"href":"https:\/\/www.dreyer-weine.de\/site\/wp-json\/wp\/v2\/users\/1"}],"replies":[{"embeddable":true,"href":"https:\/\/www.dreyer-weine.de\/site\/wp-json\/wp\/v2\/comments?post=79"}],"version-history":[{"count":18,"href":"https:\/\/www.dreyer-weine.de\/site\/wp-json\/wp\/v2\/pages\/79\/revisions"}],"predecessor-version":[{"id":1357,"href":"https:\/\/www.dreyer-weine.de\/site\/wp-json\/wp\/v2\/pages\/79\/revisions\/1357"}],"wp:attachment":[{"href":"https:\/\/www.dreyer-weine.de\/site\/wp-json\/wp\/v2\/media?parent=79"}],"curies":[{"name":"wp","href":"https:\/\/api.w.org\/{rel}","templated":true}]}}