{"id":75,"date":"2015-01-10T15:41:26","date_gmt":"2015-01-10T15:41:26","guid":{"rendered":"http:\/\/www.dreyer-weine.de\/site\/?page_id=75"},"modified":"2015-05-21T10:42:15","modified_gmt":"2015-05-21T10:42:15","slug":"feinkost","status":"publish","type":"page","link":"https:\/\/www.dreyer-weine.de\/site\/feinkost\/","title":{"rendered":"Feinkost"},"content":{"rendered":"<p>[vc_row][vc_column width=&#8220;1\/1&#8243;]<div class=\"grey-wrapper jt-shadow\">\r\n    <div class=\"container\">\r\n        <div class=\"col-lg-5 col-md-5 col-sm-5 col-xs-12\">\r\n                    <img width=\"1920\" height=\"1272\" src=\"https:\/\/www.dreyer-weine.de\/site\/wp-content\/uploads\/2015\/01\/3er_Produkte_Feinkost.jpg\" class=\"img-responsive\" alt=\"\" loading=\"lazy\" srcset=\"https:\/\/www.dreyer-weine.de\/site\/wp-content\/uploads\/2015\/01\/3er_Produkte_Feinkost.jpg 1920w, https:\/\/www.dreyer-weine.de\/site\/wp-content\/uploads\/2015\/01\/3er_Produkte_Feinkost-300x199.jpg 300w, https:\/\/www.dreyer-weine.de\/site\/wp-content\/uploads\/2015\/01\/3er_Produkte_Feinkost-1024x678.jpg 1024w\" sizes=\"(max-width: 1920px) 100vw, 1920px\" \/>        <\/div>\r\n        <div class=\"col-lg-7 col-md-7 col-sm-7 col-xs-12\">\r\n            <div class=\"widget custom-widget\">\r\n                <h2>Feinkost - gesund produziert, nat\u00fcrlich zubereitet<\/h2>\r\n                <\/p>\n<p class=\"p1\"><span class=\"s1\">In Spanien kommt das Genuss-Bewusstsein von der Basis. Nat\u00fcrliche Lebensmittel, nat\u00fcrlich zubereitet, gesund produziert!<\/span><\/p>\n<p class=\"p1\"><span class=\"s1\">Das war nicht immer so, aber das Bewusstsein entwickelt sich, ganz gleich, ob Oliven\u00f6l, Wurst und Schinken (besonders vom Cerdo Iberico), Fischkonserven, K\u00e4se, H\u00fclsenfr\u00fcchte, Reis; Spanien setzt heute Zeichen und besitzt eine unverwechselbare Genusskultur.<\/span><\/p>\n<p class=\"p1\"><span class=\"s1\">Diese mit Begeisterung und Passion weiter zu tragen, sehen wir als unsere Aufgabe, mit der Pr\u00e4misse, das teuerste Produkt muss nicht auch das beste sein. Aus diesem Umfeld heraus haben wir 2011 unsere eigene Marke slowmeat\u00ae gegr\u00fcndet und europaweit sch\u00fctzen lassen.<\/span><\/p>\n<p class=\"p1\"><span class=\"s1\">Mehr unter <a href=\"http:\/\/www.slowmeat.de\"><span class=\"s2\">http:\/\/www.slowmeat.de<\/span><\/a><\/span><\/p>\n<p>\n            <\/div><!-- end widget -->\r\n        <\/div>          \r\n    <\/div><!-- end container -->\r\n<\/div>\r\n\r\n[\/vc_column][\/vc_row][vc_row][vc_column width=&#8220;1\/4&#8243;][\/vc_column][vc_column width=&#8220;1\/2&#8243;][vc_column_text]<\/p>\n<p style=\"text-align: center;\"><strong>Kochen und Schmecken mit 3er-Produkten<\/strong><\/p>\n<p>[\/vc_column_text][\/vc_column][vc_column width=&#8220;1\/4&#8243;][\/vc_column][\/vc_row][vc_row container=&#8220;&#8220;][vc_column width=&#8220;1\/4&#8243;][\/vc_column][vc_column width=&#8220;1\/2&#8243;][vc_media_grid style=&#8220;all&#8220; items_per_page=&#8220;10&#8243; element_width=&#8220;3&#8243; gap=&#8220;10&#8243; button_style=&#8220;rounded&#8220; button_color=&#8220;blue&#8220; button_size=&#8220;md&#8220; arrows_design=&#8220;none&#8220; arrows_position=&#8220;inside&#8220; arrows_color=&#8220;blue&#8220; paging_design=&#8220;radio_dots&#8220; paging_color=&#8220;grey&#8220; loop=&#8220;&#8220; autoplay=&#8220;-1&#8243; item=&#8220;mediaGrid_Default&#8220; grid_id=&#8220;vc_gid:1431967251157-0d5e9428-9cdd-9&#8243; include=&#8220;1116,1115,1114,1113,1112,1110,1109,1108,1107,1106,1105,1104,1103,1101,1100,1098,1097,1096,1095,1094,1093,1092,1091,1090,1089,1088,1087,1086,1085,1084,1083,1082,1081,1080,1079,1078,1077,1076,1075,1074,1072,1071,1070,1068,1067,1066,1065,1064,1063,1062,1061,1060,1059,1058,1057,1056,1055,1054,1053,1052,1051,1050,1049,1048&#8243;][\/vc_column][vc_column width=&#8220;1\/4&#8243;][\/vc_column][\/vc_row][vc_row][vc_column width=&#8220;1\/1&#8243;]<section class=\"make-bg-full\" style=\"background-color:\">\r\n    <div class=\"calloutbox-full container\">\r\n        <h2>Mehr Feinkost im Shop entdecken!<\/h2>\r\n        <p class=\"lead\"><\/p>\n<p class=\"lead\">Lernen Sie unser ausgesuchtes\u00a0Feinkost Sortiment kennen.<\/p>\n<p><\/p>\r\n        <a class=\"btn btn-dark btn-lg\" href=\"http:\/\/www.dreyer-weine.de\/Shop-fuer-spanische-Produkte\/index.html\">Zum Shop<\/a>\r\n    <\/div><!-- end calloutbox -->\r\n<\/section>\r\n[\/vc_column][\/vc_row]<\/p>\n","protected":false},"excerpt":{"rendered":"<p>[vc_row][vc_column width=&#8220;1\/1&#8243;][\/vc_column][\/vc_row][vc_row][vc_column width=&#8220;1\/4&#8243;][\/vc_column][vc_column width=&#8220;1\/2&#8243;][vc_column_text] Kochen und Schmecken mit 3er-Produkten [\/vc_column_text][\/vc_column][vc_column width=&#8220;1\/4&#8243;][\/vc_column][\/vc_row][vc_row container=&#8220;&#8220;][vc_column width=&#8220;1\/4&#8243;][\/vc_column][vc_column width=&#8220;1\/2&#8243;][vc_media_grid style=&#8220;all&#8220; items_per_page=&#8220;10&#8243; element_width=&#8220;3&#8243; gap=&#8220;10&#8243; button_style=&#8220;rounded&#8220; button_color=&#8220;blue&#8220; button_size=&#8220;md&#8220; arrows_design=&#8220;none&#8220; arrows_position=&#8220;inside&#8220; arrows_color=&#8220;blue&#8220; paging_design=&#8220;radio_dots&#8220; paging_color=&#8220;grey&#8220; loop=&#8220;&#8220; autoplay=&#8220;-1&#8243; item=&#8220;mediaGrid_Default&#8220; grid_id=&#8220;vc_gid:1431967251157-0d5e9428-9cdd-9&#8243; include=&#8220;1116,1115,1114,1113,1112,1110,1109,1108,1107,1106,1105,1104,1103,1101,1100,1098,1097,1096,1095,1094,1093,1092,1091,1090,1089,1088,1087,1086,1085,1084,1083,1082,1081,1080,1079,1078,1077,1076,1075,1074,1072,1071,1070,1068,1067,1066,1065,1064,1063,1062,1061,1060,1059,1058,1057,1056,1055,1054,1053,1052,1051,1050,1049,1048&#8243;][\/vc_column][vc_column width=&#8220;1\/4&#8243;][\/vc_column][\/vc_row][vc_row][vc_column width=&#8220;1\/1&#8243;][\/vc_column][\/vc_row]<\/p>\n","protected":false},"author":1,"featured_media":0,"parent":0,"menu_order":0,"comment_status":"closed","ping_status":"open","template":"tpl-visual_composer.php","meta":[],"yoast_head":"<!-- This site is optimized with the Yoast SEO plugin v18.4.1 - https:\/\/yoast.com\/wordpress\/plugins\/seo\/ -->\n<title>Feinkost - 3er - Exklusive spanische Weine und Tapas<\/title>\n<meta name=\"robots\" content=\"index, follow, max-snippet:-1, max-image-preview:large, max-video-preview:-1\" \/>\n<link rel=\"canonical\" href=\"https:\/\/www.dreyer-weine.de\/site\/feinkost\/\" \/>\n<meta property=\"og:locale\" content=\"de_DE\" \/>\n<meta property=\"og:type\" content=\"article\" \/>\n<meta property=\"og:title\" content=\"Feinkost - 3er - Exklusive spanische Weine und Tapas\" \/>\n<meta property=\"og:description\" content=\"[vc_row][vc_column width=&#8220;1\/1&#8243;][\/vc_column][\/vc_row][vc_row][vc_column width=&#8220;1\/4&#8243;][\/vc_column][vc_column width=&#8220;1\/2&#8243;][vc_column_text] Kochen und Schmecken mit 3er-Produkten [\/vc_column_text][\/vc_column][vc_column width=&#8220;1\/4&#8243;][\/vc_column][\/vc_row][vc_row container=&#8220;&#8220;][vc_column width=&#8220;1\/4&#8243;][\/vc_column][vc_column width=&#8220;1\/2&#8243;][vc_media_grid style=&#8220;all&#8220; items_per_page=&#8220;10&#8243; element_width=&#8220;3&#8243; gap=&#8220;10&#8243; button_style=&#8220;rounded&#8220; button_color=&#8220;blue&#8220; button_size=&#8220;md&#8220; arrows_design=&#8220;none&#8220; arrows_position=&#8220;inside&#8220; arrows_color=&#8220;blue&#8220; paging_design=&#8220;radio_dots&#8220; paging_color=&#8220;grey&#8220; loop=&#8220;&#8220; autoplay=&#8220;-1&#8243; item=&#8220;mediaGrid_Default&#8220; grid_id=&#8220;vc_gid:1431967251157-0d5e9428-9cdd-9&#8243; include=&#8220;1116,1115,1114,1113,1112,1110,1109,1108,1107,1106,1105,1104,1103,1101,1100,1098,1097,1096,1095,1094,1093,1092,1091,1090,1089,1088,1087,1086,1085,1084,1083,1082,1081,1080,1079,1078,1077,1076,1075,1074,1072,1071,1070,1068,1067,1066,1065,1064,1063,1062,1061,1060,1059,1058,1057,1056,1055,1054,1053,1052,1051,1050,1049,1048&#8243;][\/vc_column][vc_column width=&#8220;1\/4&#8243;][\/vc_column][\/vc_row][vc_row][vc_column width=&#8220;1\/1&#8243;][\/vc_column][\/vc_row]\" \/>\n<meta property=\"og:url\" content=\"https:\/\/www.dreyer-weine.de\/site\/feinkost\/\" \/>\n<meta property=\"og:site_name\" content=\"3er - Exklusive spanische Weine und Tapas\" \/>\n<meta property=\"article:modified_time\" content=\"2015-05-21T10:42:15+00:00\" \/>\n<meta name=\"twitter:card\" content=\"summary_large_image\" \/>\n<meta name=\"twitter:label1\" content=\"Gesch\u00e4tzte Lesezeit\" \/>\n\t<meta name=\"twitter:data1\" content=\"1 Minute\" \/>\n<script type=\"application\/ld+json\" class=\"yoast-schema-graph\">{\"@context\":\"https:\/\/schema.org\",\"@graph\":[{\"@type\":\"WebSite\",\"@id\":\"https:\/\/www.dreyer-weine.de\/site\/#website\",\"url\":\"https:\/\/www.dreyer-weine.de\/site\/\",\"name\":\"3er - Exklusive spanische Weine und Tapas\",\"description\":\"Willkommen bei Dreyer Weine - ein Zuhause f\u00fcr den guten Geschmack, einzigartig in dieser Kombination.\",\"potentialAction\":[{\"@type\":\"SearchAction\",\"target\":{\"@type\":\"EntryPoint\",\"urlTemplate\":\"https:\/\/www.dreyer-weine.de\/site\/?s={search_term_string}\"},\"query-input\":\"required name=search_term_string\"}],\"inLanguage\":\"de-DE\"},{\"@type\":\"WebPage\",\"@id\":\"https:\/\/www.dreyer-weine.de\/site\/feinkost\/#webpage\",\"url\":\"https:\/\/www.dreyer-weine.de\/site\/feinkost\/\",\"name\":\"Feinkost - 3er - Exklusive spanische Weine und Tapas\",\"isPartOf\":{\"@id\":\"https:\/\/www.dreyer-weine.de\/site\/#website\"},\"datePublished\":\"2015-01-10T15:41:26+00:00\",\"dateModified\":\"2015-05-21T10:42:15+00:00\",\"breadcrumb\":{\"@id\":\"https:\/\/www.dreyer-weine.de\/site\/feinkost\/#breadcrumb\"},\"inLanguage\":\"de-DE\",\"potentialAction\":[{\"@type\":\"ReadAction\",\"target\":[\"https:\/\/www.dreyer-weine.de\/site\/feinkost\/\"]}]},{\"@type\":\"BreadcrumbList\",\"@id\":\"https:\/\/www.dreyer-weine.de\/site\/feinkost\/#breadcrumb\",\"itemListElement\":[{\"@type\":\"ListItem\",\"position\":1,\"name\":\"Home\",\"item\":\"https:\/\/www.dreyer-weine.de\/site\/\"},{\"@type\":\"ListItem\",\"position\":2,\"name\":\"Feinkost\"}]}]}<\/script>\n<!-- \/ Yoast SEO plugin. -->","yoast_head_json":{"title":"Feinkost - 3er - Exklusive spanische Weine und Tapas","robots":{"index":"index","follow":"follow","max-snippet":"max-snippet:-1","max-image-preview":"max-image-preview:large","max-video-preview":"max-video-preview:-1"},"canonical":"https:\/\/www.dreyer-weine.de\/site\/feinkost\/","og_locale":"de_DE","og_type":"article","og_title":"Feinkost - 3er - Exklusive spanische Weine und Tapas","og_description":"[vc_row][vc_column width=&#8220;1\/1&#8243;][\/vc_column][\/vc_row][vc_row][vc_column width=&#8220;1\/4&#8243;][\/vc_column][vc_column width=&#8220;1\/2&#8243;][vc_column_text] Kochen und Schmecken mit 3er-Produkten [\/vc_column_text][\/vc_column][vc_column width=&#8220;1\/4&#8243;][\/vc_column][\/vc_row][vc_row container=&#8220;&#8220;][vc_column width=&#8220;1\/4&#8243;][\/vc_column][vc_column width=&#8220;1\/2&#8243;][vc_media_grid style=&#8220;all&#8220; items_per_page=&#8220;10&#8243; element_width=&#8220;3&#8243; gap=&#8220;10&#8243; button_style=&#8220;rounded&#8220; button_color=&#8220;blue&#8220; button_size=&#8220;md&#8220; arrows_design=&#8220;none&#8220; arrows_position=&#8220;inside&#8220; arrows_color=&#8220;blue&#8220; paging_design=&#8220;radio_dots&#8220; paging_color=&#8220;grey&#8220; loop=&#8220;&#8220; autoplay=&#8220;-1&#8243; item=&#8220;mediaGrid_Default&#8220; grid_id=&#8220;vc_gid:1431967251157-0d5e9428-9cdd-9&#8243; include=&#8220;1116,1115,1114,1113,1112,1110,1109,1108,1107,1106,1105,1104,1103,1101,1100,1098,1097,1096,1095,1094,1093,1092,1091,1090,1089,1088,1087,1086,1085,1084,1083,1082,1081,1080,1079,1078,1077,1076,1075,1074,1072,1071,1070,1068,1067,1066,1065,1064,1063,1062,1061,1060,1059,1058,1057,1056,1055,1054,1053,1052,1051,1050,1049,1048&#8243;][\/vc_column][vc_column width=&#8220;1\/4&#8243;][\/vc_column][\/vc_row][vc_row][vc_column width=&#8220;1\/1&#8243;][\/vc_column][\/vc_row]","og_url":"https:\/\/www.dreyer-weine.de\/site\/feinkost\/","og_site_name":"3er - Exklusive spanische Weine und Tapas","article_modified_time":"2015-05-21T10:42:15+00:00","twitter_card":"summary_large_image","twitter_misc":{"Gesch\u00e4tzte Lesezeit":"1 Minute"},"schema":{"@context":"https:\/\/schema.org","@graph":[{"@type":"WebSite","@id":"https:\/\/www.dreyer-weine.de\/site\/#website","url":"https:\/\/www.dreyer-weine.de\/site\/","name":"3er - Exklusive spanische Weine und Tapas","description":"Willkommen bei Dreyer Weine - ein Zuhause f\u00fcr den guten Geschmack, einzigartig in dieser Kombination.","potentialAction":[{"@type":"SearchAction","target":{"@type":"EntryPoint","urlTemplate":"https:\/\/www.dreyer-weine.de\/site\/?s={search_term_string}"},"query-input":"required name=search_term_string"}],"inLanguage":"de-DE"},{"@type":"WebPage","@id":"https:\/\/www.dreyer-weine.de\/site\/feinkost\/#webpage","url":"https:\/\/www.dreyer-weine.de\/site\/feinkost\/","name":"Feinkost - 3er - Exklusive spanische Weine und Tapas","isPartOf":{"@id":"https:\/\/www.dreyer-weine.de\/site\/#website"},"datePublished":"2015-01-10T15:41:26+00:00","dateModified":"2015-05-21T10:42:15+00:00","breadcrumb":{"@id":"https:\/\/www.dreyer-weine.de\/site\/feinkost\/#breadcrumb"},"inLanguage":"de-DE","potentialAction":[{"@type":"ReadAction","target":["https:\/\/www.dreyer-weine.de\/site\/feinkost\/"]}]},{"@type":"BreadcrumbList","@id":"https:\/\/www.dreyer-weine.de\/site\/feinkost\/#breadcrumb","itemListElement":[{"@type":"ListItem","position":1,"name":"Home","item":"https:\/\/www.dreyer-weine.de\/site\/"},{"@type":"ListItem","position":2,"name":"Feinkost"}]}]}},"_links":{"self":[{"href":"https:\/\/www.dreyer-weine.de\/site\/wp-json\/wp\/v2\/pages\/75"}],"collection":[{"href":"https:\/\/www.dreyer-weine.de\/site\/wp-json\/wp\/v2\/pages"}],"about":[{"href":"https:\/\/www.dreyer-weine.de\/site\/wp-json\/wp\/v2\/types\/page"}],"author":[{"embeddable":true,"href":"https:\/\/www.dreyer-weine.de\/site\/wp-json\/wp\/v2\/users\/1"}],"replies":[{"embeddable":true,"href":"https:\/\/www.dreyer-weine.de\/site\/wp-json\/wp\/v2\/comments?post=75"}],"version-history":[{"count":24,"href":"https:\/\/www.dreyer-weine.de\/site\/wp-json\/wp\/v2\/pages\/75\/revisions"}],"predecessor-version":[{"id":1350,"href":"https:\/\/www.dreyer-weine.de\/site\/wp-json\/wp\/v2\/pages\/75\/revisions\/1350"}],"wp:attachment":[{"href":"https:\/\/www.dreyer-weine.de\/site\/wp-json\/wp\/v2\/media?parent=75"}],"curies":[{"name":"wp","href":"https:\/\/api.w.org\/{rel}","templated":true}]}}