{"id":1818,"date":"2015-11-15T14:49:41","date_gmt":"2015-11-15T13:49:41","guid":{"rendered":"http:\/\/www.dreyer-weine.de\/site\/?page_id=1818"},"modified":"2015-11-16T10:38:56","modified_gmt":"2015-11-16T09:38:56","slug":"porzellan","status":"publish","type":"page","link":"https:\/\/www.dreyer-weine.de\/site\/porzellan\/","title":{"rendered":"Porzellan"},"content":{"rendered":"<p>[vc_row][vc_column][vc_single_image image=&#8220;1839&#8243; img_size=&#8220;full&#8220; alignment=&#8220;center&#8220;][\/vc_column][\/vc_row][vc_row][vc_column][vc_empty_space][\/vc_column][\/vc_row][vc_row][vc_column width=&#8220;1\/6&#8243;][\/vc_column][vc_column width=&#8220;1\/6&#8243;][vc_single_image image=&#8220;1847&#8243; img_size=&#8220;large&#8220; add_caption=&#8220;yes&#8220;][vc_column_text]Design-Linie ZEN von PORDAMSA[\/vc_column_text][\/vc_column][vc_column width=&#8220;1\/6&#8243;][vc_single_image image=&#8220;1846&#8243; img_size=&#8220;large&#8220;][vc_column_text]praktische geschirrsp\u00fclertaugliche Stapelware[\/vc_column_text][\/vc_column][vc_column width=&#8220;1\/6&#8243;][vc_single_image image=&#8220;1849&#8243; img_size=&#8220;large&#8220; add_caption=&#8220;yes&#8220;][vc_column_text]Schlichte Eleganz f\u00fcr Ihren Tisch[\/vc_column_text][\/vc_column][vc_column width=&#8220;1\/6&#8243;][vc_single_image image=&#8220;1844&#8243; img_size=&#8220;large&#8220; add_caption=&#8220;yes&#8220;][vc_column_text]Double-Saucer f\u00fcr ein leckeres Duett[\/vc_column_text][\/vc_column][vc_column width=&#8220;1\/6&#8243;][\/vc_column][\/vc_row][vc_row][vc_column][vc_empty_space][\/vc_column][\/vc_row][vc_row][vc_column width=&#8220;1\/6&#8243;][\/vc_column][vc_column width=&#8220;1\/6&#8243;][vc_single_image image=&#8220;1850&#8243; img_size=&#8220;large&#8220; add_caption=&#8220;yes&#8220;][vc_column_text]Die L\u00f6sung um kleine Leckereien puristisch zu servieren &#8211; Tapasteller[\/vc_column_text][\/vc_column][vc_column width=&#8220;1\/6&#8243;][vc_single_image image=&#8220;1842&#8243; img_size=&#8220;large&#8220; add_caption=&#8220;yes&#8220;][vc_column_text]Auch die Tapas-Teller unterschiedlicher Gr\u00f6\u00dfen sind stapelbar[\/vc_column_text][\/vc_column][vc_column width=&#8220;1\/6&#8243;][vc_single_image image=&#8220;1843&#8243; img_size=&#8220;large&#8220;][vc_column_text]griffige Einkerbung f\u00fcr schnelles sicheres Servieren und Abr\u00e4umen[\/vc_column_text][\/vc_column][vc_column width=&#8220;1\/6&#8243;][vc_single_image image=&#8220;1848&#8243; img_size=&#8220;large&#8220; add_caption=&#8220;yes&#8220;][vc_column_text]Der Double-Saucer ist ein idealer Begleiter der Design-Linie ZEN[\/vc_column_text][\/vc_column][vc_column width=&#8220;1\/6&#8243;][\/vc_column][\/vc_row][vc_row][vc_column][vc_empty_space][\/vc_column][\/vc_row][vc_row][vc_column][vc_text_separator title=&#8220;PORDAMSA &#8211; feines Porzellan f\u00fcr h\u00f6chste Anspr\u00fcche&#8220;][\/vc_column][\/vc_row][vc_row][vc_column width=&#8220;1\/6&#8243;][vc_column_text][\/vc_column_text][\/vc_column][vc_column width=&#8220;2\/3&#8243;][vc_column_text]1976 entstand die Marke PORDAMSA mit Sitz in La Bisbal d\u2019Empord\u00e0, dem traditionellen Zentrum der Keramikherstellung im Herzen der Costa Brava. Seit nunmehr \u00fcber 35 Jahren macht sich die PORDAMSA Porzellanmanufaktur international einen Namen als Designer, Hersteller und Verk\u00e4ufer hochwertiger Porzellanware mit einem breitgef\u00e4cherten Produktangebot. PORDAMSA findet stets zu einer Produktgestaltung, die durch ihre Einzigartigkeit und ihren Mehrwert besticht und steht f\u00fcr funktionales und modernes Design zu erschwinglichen Preisen. Das Unternehmen wird seinem Anspruch, ausschlie\u00dflich beste Porzellanware herzustellen, durch die Verwendung astreiner Rohstoffe aus den besten Lagest\u00e4tten der Welt immerzu gerecht.<\/p>\n<p>PORDAMSA ist gekennzeichnet durch konstante Innovation und hat sich im Laufe seiner Entwicklung auf drei verschiedene Bereiche in der Welt der Gastronomie spezialisiert:<\/p>\n<ul>\n<li>Tisch und K\u00fcche<\/li>\n<li>Kristallglaswaren<\/li>\n<li>Besteck<\/li>\n<\/ul>\n<p>Heute finden sich die Porzellanwaren von PORDAMSA international in den K\u00fcchen ausgesuchter Gastronomen und dienen hier dem Zweck der Funktionalit\u00e4t und der \u00c4sthetik in vollendeter Union.<\/p>\n<p>\u00dcberzeugen Sie sich selbst vom zeitgen\u00f6ssischen und partikul\u00e4ren Design und den besonderen M\u00f6glichkeiten, f\u00fcr das Anrichten Ihrer einzigartigen Speisen in fl\u00fcssigen, festen oder schaumigen Zustand auf ausgefallen geformter Porzellanware.[\/vc_column_text][\/vc_column][vc_column width=&#8220;1\/6&#8243;][\/vc_column][\/vc_row][vc_row][vc_column][vc_empty_space][\/vc_column][\/vc_row][vc_row][vc_column][vc_text_separator title=&#8220;PORDAMSA &#8211; SHOWROOM&#8220;][\/vc_column][\/vc_row][vc_row][vc_column][vc_empty_space][\/vc_column][\/vc_row][vc_row][vc_column width=&#8220;1\/6&#8243;][\/vc_column][vc_column width=&#8220;2\/3&#8243;][vc_media_grid element_width=&#8220;3&#8243; grid_id=&#8220;vc_gid:1447525995798-bb11448d-d2ea-7&#8243; include=&#8220;1879,1878,1877,1876,1875,1874,1873,1872,1871,1870,1869,1868,1867,1866,1865,1864,1863,1862,1861,1860,1859,1858&#8243;][\/vc_column][vc_column width=&#8220;1\/6&#8243;][\/vc_column][\/vc_row][vc_row][vc_column][vc_empty_space][\/vc_column][\/vc_row][vc_row][vc_column][vc_text_separator title=&#8220;PORDAMSA &#8211; Fabrikhalle und Herstellung&#8220;][\/vc_column][\/vc_row][vc_row][vc_column][vc_empty_space][\/vc_column][\/vc_row][vc_row][vc_column width=&#8220;1\/6&#8243;][\/vc_column][vc_column width=&#8220;2\/3&#8243;][vc_media_grid element_width=&#8220;3&#8243; grid_id=&#8220;vc_gid:1447664139628-4945e21c-6a3d-10&#8243; include=&#8220;1905,1904,1903,1902,1901,1900,1899,1898,1897,1896,1895,1894,1893,1892,1891,1890,1889,1888,1887,1886,1885,1884,1883,1882&#8243;][\/vc_column][vc_column width=&#8220;1\/6&#8243;][\/vc_column][\/vc_row][vc_row][vc_column][vc_empty_space][\/vc_column][\/vc_row][vc_row][vc_column][\/vc_column][\/vc_row][vc_row][vc_column]<section class=\"make-bg-full\" style=\"background-color:\">\r\n    <div class=\"calloutbox-full container\">\r\n        <h2>Porzellan von PORDAMSA finden Sie auch in unserem Shop<\/h2>\r\n        <p class=\"lead\">Hier unsere Auswahl f\u00fcr Sie<\/p>\r\n        <a class=\"btn btn-dark btn-lg\" href=\"http:\/\/www.dreyer-weine.de\/osc\/catalog\/porzellan-c-412.html\">Zum Shop<\/a>\r\n    <\/div><!-- end calloutbox -->\r\n<\/section>\r\n[\/vc_column][\/vc_row]<\/p>\n","protected":false},"excerpt":{"rendered":"<p>[vc_row][vc_column][vc_single_image image=&#8220;1839&#8243; img_size=&#8220;full&#8220; alignment=&#8220;center&#8220;][\/vc_column][\/vc_row][vc_row][vc_column][vc_empty_space][\/vc_column][\/vc_row][vc_row][vc_column width=&#8220;1\/6&#8243;][\/vc_column][vc_column width=&#8220;1\/6&#8243;][vc_single_image image=&#8220;1847&#8243; img_size=&#8220;large&#8220; add_caption=&#8220;yes&#8220;][vc_column_text]Design-Linie ZEN von PORDAMSA[\/vc_column_text][\/vc_column][vc_column width=&#8220;1\/6&#8243;][vc_single_image image=&#8220;1846&#8243; img_size=&#8220;large&#8220;][vc_column_text]praktische geschirrsp\u00fclertaugliche Stapelware[\/vc_column_text][\/vc_column][vc_column width=&#8220;1\/6&#8243;][vc_single_image image=&#8220;1849&#8243; img_size=&#8220;large&#8220; add_caption=&#8220;yes&#8220;][vc_column_text]Schlichte Eleganz f\u00fcr Ihren Tisch[\/vc_column_text][\/vc_column][vc_column width=&#8220;1\/6&#8243;][vc_single_image image=&#8220;1844&#8243; img_size=&#8220;large&#8220; add_caption=&#8220;yes&#8220;][vc_column_text]Double-Saucer f\u00fcr ein leckeres Duett[\/vc_column_text][\/vc_column][vc_column width=&#8220;1\/6&#8243;][\/vc_column][\/vc_row][vc_row][vc_column][vc_empty_space][\/vc_column][\/vc_row][vc_row][vc_column width=&#8220;1\/6&#8243;][\/vc_column][vc_column width=&#8220;1\/6&#8243;][vc_single_image image=&#8220;1850&#8243; img_size=&#8220;large&#8220; add_caption=&#8220;yes&#8220;][vc_column_text]Die L\u00f6sung um kleine Leckereien puristisch zu servieren &#8211; Tapasteller[\/vc_column_text][\/vc_column][vc_column width=&#8220;1\/6&#8243;][vc_single_image image=&#8220;1842&#8243; img_size=&#8220;large&#8220; add_caption=&#8220;yes&#8220;][vc_column_text]Auch die Tapas-Teller unterschiedlicher<\/p>\n","protected":false},"author":2,"featured_media":0,"parent":0,"menu_order":0,"comment_status":"closed","ping_status":"closed","template":"tpl-visual_composer.php","meta":[],"yoast_head":"<!-- This site is optimized with the Yoast SEO plugin v18.4.1 - https:\/\/yoast.com\/wordpress\/plugins\/seo\/ -->\n<title>Porzellan - 3er - Exklusive spanische Weine und Tapas<\/title>\n<meta name=\"robots\" content=\"index, follow, max-snippet:-1, max-image-preview:large, max-video-preview:-1\" \/>\n<link rel=\"canonical\" href=\"https:\/\/www.dreyer-weine.de\/site\/porzellan\/\" \/>\n<meta property=\"og:locale\" content=\"de_DE\" \/>\n<meta property=\"og:type\" content=\"article\" \/>\n<meta property=\"og:title\" content=\"Porzellan - 3er - Exklusive spanische Weine und Tapas\" \/>\n<meta property=\"og:description\" content=\"[vc_row][vc_column][vc_single_image image=&#8220;1839&#8243; img_size=&#8220;full&#8220; alignment=&#8220;center&#8220;][\/vc_column][\/vc_row][vc_row][vc_column][vc_empty_space][\/vc_column][\/vc_row][vc_row][vc_column width=&#8220;1\/6&#8243;][\/vc_column][vc_column width=&#8220;1\/6&#8243;][vc_single_image image=&#8220;1847&#8243; img_size=&#8220;large&#8220; add_caption=&#8220;yes&#8220;][vc_column_text]Design-Linie ZEN von PORDAMSA[\/vc_column_text][\/vc_column][vc_column width=&#8220;1\/6&#8243;][vc_single_image image=&#8220;1846&#8243; img_size=&#8220;large&#8220;][vc_column_text]praktische geschirrsp\u00fclertaugliche Stapelware[\/vc_column_text][\/vc_column][vc_column width=&#8220;1\/6&#8243;][vc_single_image image=&#8220;1849&#8243; img_size=&#8220;large&#8220; add_caption=&#8220;yes&#8220;][vc_column_text]Schlichte Eleganz f\u00fcr Ihren Tisch[\/vc_column_text][\/vc_column][vc_column width=&#8220;1\/6&#8243;][vc_single_image image=&#8220;1844&#8243; img_size=&#8220;large&#8220; add_caption=&#8220;yes&#8220;][vc_column_text]Double-Saucer f\u00fcr ein leckeres Duett[\/vc_column_text][\/vc_column][vc_column width=&#8220;1\/6&#8243;][\/vc_column][\/vc_row][vc_row][vc_column][vc_empty_space][\/vc_column][\/vc_row][vc_row][vc_column width=&#8220;1\/6&#8243;][\/vc_column][vc_column width=&#8220;1\/6&#8243;][vc_single_image image=&#8220;1850&#8243; img_size=&#8220;large&#8220; add_caption=&#8220;yes&#8220;][vc_column_text]Die L\u00f6sung um kleine Leckereien puristisch zu servieren &#8211; Tapasteller[\/vc_column_text][\/vc_column][vc_column width=&#8220;1\/6&#8243;][vc_single_image image=&#8220;1842&#8243; img_size=&#8220;large&#8220; add_caption=&#8220;yes&#8220;][vc_column_text]Auch die Tapas-Teller unterschiedlicher\" \/>\n<meta property=\"og:url\" content=\"https:\/\/www.dreyer-weine.de\/site\/porzellan\/\" \/>\n<meta property=\"og:site_name\" content=\"3er - Exklusive spanische Weine und Tapas\" \/>\n<meta property=\"article:modified_time\" content=\"2015-11-16T09:38:56+00:00\" \/>\n<meta name=\"twitter:card\" content=\"summary_large_image\" \/>\n<meta name=\"twitter:label1\" content=\"Gesch\u00e4tzte Lesezeit\" \/>\n\t<meta name=\"twitter:data1\" content=\"4 Minuten\" \/>\n<script type=\"application\/ld+json\" class=\"yoast-schema-graph\">{\"@context\":\"https:\/\/schema.org\",\"@graph\":[{\"@type\":\"WebSite\",\"@id\":\"https:\/\/www.dreyer-weine.de\/site\/#website\",\"url\":\"https:\/\/www.dreyer-weine.de\/site\/\",\"name\":\"3er - Exklusive spanische Weine und Tapas\",\"description\":\"Willkommen bei Dreyer Weine - ein Zuhause f\u00fcr den guten Geschmack, einzigartig in dieser Kombination.\",\"potentialAction\":[{\"@type\":\"SearchAction\",\"target\":{\"@type\":\"EntryPoint\",\"urlTemplate\":\"https:\/\/www.dreyer-weine.de\/site\/?s={search_term_string}\"},\"query-input\":\"required name=search_term_string\"}],\"inLanguage\":\"de-DE\"},{\"@type\":\"WebPage\",\"@id\":\"https:\/\/www.dreyer-weine.de\/site\/porzellan\/#webpage\",\"url\":\"https:\/\/www.dreyer-weine.de\/site\/porzellan\/\",\"name\":\"Porzellan - 3er - Exklusive spanische Weine und Tapas\",\"isPartOf\":{\"@id\":\"https:\/\/www.dreyer-weine.de\/site\/#website\"},\"datePublished\":\"2015-11-15T13:49:41+00:00\",\"dateModified\":\"2015-11-16T09:38:56+00:00\",\"breadcrumb\":{\"@id\":\"https:\/\/www.dreyer-weine.de\/site\/porzellan\/#breadcrumb\"},\"inLanguage\":\"de-DE\",\"potentialAction\":[{\"@type\":\"ReadAction\",\"target\":[\"https:\/\/www.dreyer-weine.de\/site\/porzellan\/\"]}]},{\"@type\":\"BreadcrumbList\",\"@id\":\"https:\/\/www.dreyer-weine.de\/site\/porzellan\/#breadcrumb\",\"itemListElement\":[{\"@type\":\"ListItem\",\"position\":1,\"name\":\"Home\",\"item\":\"https:\/\/www.dreyer-weine.de\/site\/\"},{\"@type\":\"ListItem\",\"position\":2,\"name\":\"Porzellan\"}]}]}<\/script>\n<!-- \/ Yoast SEO plugin. -->","yoast_head_json":{"title":"Porzellan - 3er - Exklusive spanische Weine und Tapas","robots":{"index":"index","follow":"follow","max-snippet":"max-snippet:-1","max-image-preview":"max-image-preview:large","max-video-preview":"max-video-preview:-1"},"canonical":"https:\/\/www.dreyer-weine.de\/site\/porzellan\/","og_locale":"de_DE","og_type":"article","og_title":"Porzellan - 3er - Exklusive spanische Weine und Tapas","og_description":"[vc_row][vc_column][vc_single_image image=&#8220;1839&#8243; img_size=&#8220;full&#8220; alignment=&#8220;center&#8220;][\/vc_column][\/vc_row][vc_row][vc_column][vc_empty_space][\/vc_column][\/vc_row][vc_row][vc_column width=&#8220;1\/6&#8243;][\/vc_column][vc_column width=&#8220;1\/6&#8243;][vc_single_image image=&#8220;1847&#8243; img_size=&#8220;large&#8220; add_caption=&#8220;yes&#8220;][vc_column_text]Design-Linie ZEN von PORDAMSA[\/vc_column_text][\/vc_column][vc_column width=&#8220;1\/6&#8243;][vc_single_image image=&#8220;1846&#8243; img_size=&#8220;large&#8220;][vc_column_text]praktische geschirrsp\u00fclertaugliche Stapelware[\/vc_column_text][\/vc_column][vc_column width=&#8220;1\/6&#8243;][vc_single_image image=&#8220;1849&#8243; img_size=&#8220;large&#8220; add_caption=&#8220;yes&#8220;][vc_column_text]Schlichte Eleganz f\u00fcr Ihren Tisch[\/vc_column_text][\/vc_column][vc_column width=&#8220;1\/6&#8243;][vc_single_image image=&#8220;1844&#8243; img_size=&#8220;large&#8220; add_caption=&#8220;yes&#8220;][vc_column_text]Double-Saucer f\u00fcr ein leckeres Duett[\/vc_column_text][\/vc_column][vc_column width=&#8220;1\/6&#8243;][\/vc_column][\/vc_row][vc_row][vc_column][vc_empty_space][\/vc_column][\/vc_row][vc_row][vc_column width=&#8220;1\/6&#8243;][\/vc_column][vc_column width=&#8220;1\/6&#8243;][vc_single_image image=&#8220;1850&#8243; img_size=&#8220;large&#8220; add_caption=&#8220;yes&#8220;][vc_column_text]Die L\u00f6sung um kleine Leckereien puristisch zu servieren &#8211; Tapasteller[\/vc_column_text][\/vc_column][vc_column width=&#8220;1\/6&#8243;][vc_single_image image=&#8220;1842&#8243; img_size=&#8220;large&#8220; add_caption=&#8220;yes&#8220;][vc_column_text]Auch die Tapas-Teller unterschiedlicher","og_url":"https:\/\/www.dreyer-weine.de\/site\/porzellan\/","og_site_name":"3er - Exklusive spanische Weine und Tapas","article_modified_time":"2015-11-16T09:38:56+00:00","twitter_card":"summary_large_image","twitter_misc":{"Gesch\u00e4tzte Lesezeit":"4 Minuten"},"schema":{"@context":"https:\/\/schema.org","@graph":[{"@type":"WebSite","@id":"https:\/\/www.dreyer-weine.de\/site\/#website","url":"https:\/\/www.dreyer-weine.de\/site\/","name":"3er - Exklusive spanische Weine und Tapas","description":"Willkommen bei Dreyer Weine - ein Zuhause f\u00fcr den guten Geschmack, einzigartig in dieser Kombination.","potentialAction":[{"@type":"SearchAction","target":{"@type":"EntryPoint","urlTemplate":"https:\/\/www.dreyer-weine.de\/site\/?s={search_term_string}"},"query-input":"required name=search_term_string"}],"inLanguage":"de-DE"},{"@type":"WebPage","@id":"https:\/\/www.dreyer-weine.de\/site\/porzellan\/#webpage","url":"https:\/\/www.dreyer-weine.de\/site\/porzellan\/","name":"Porzellan - 3er - Exklusive spanische Weine und Tapas","isPartOf":{"@id":"https:\/\/www.dreyer-weine.de\/site\/#website"},"datePublished":"2015-11-15T13:49:41+00:00","dateModified":"2015-11-16T09:38:56+00:00","breadcrumb":{"@id":"https:\/\/www.dreyer-weine.de\/site\/porzellan\/#breadcrumb"},"inLanguage":"de-DE","potentialAction":[{"@type":"ReadAction","target":["https:\/\/www.dreyer-weine.de\/site\/porzellan\/"]}]},{"@type":"BreadcrumbList","@id":"https:\/\/www.dreyer-weine.de\/site\/porzellan\/#breadcrumb","itemListElement":[{"@type":"ListItem","position":1,"name":"Home","item":"https:\/\/www.dreyer-weine.de\/site\/"},{"@type":"ListItem","position":2,"name":"Porzellan"}]}]}},"_links":{"self":[{"href":"https:\/\/www.dreyer-weine.de\/site\/wp-json\/wp\/v2\/pages\/1818"}],"collection":[{"href":"https:\/\/www.dreyer-weine.de\/site\/wp-json\/wp\/v2\/pages"}],"about":[{"href":"https:\/\/www.dreyer-weine.de\/site\/wp-json\/wp\/v2\/types\/page"}],"author":[{"embeddable":true,"href":"https:\/\/www.dreyer-weine.de\/site\/wp-json\/wp\/v2\/users\/2"}],"replies":[{"embeddable":true,"href":"https:\/\/www.dreyer-weine.de\/site\/wp-json\/wp\/v2\/comments?post=1818"}],"version-history":[{"count":43,"href":"https:\/\/www.dreyer-weine.de\/site\/wp-json\/wp\/v2\/pages\/1818\/revisions"}],"predecessor-version":[{"id":1924,"href":"https:\/\/www.dreyer-weine.de\/site\/wp-json\/wp\/v2\/pages\/1818\/revisions\/1924"}],"wp:attachment":[{"href":"https:\/\/www.dreyer-weine.de\/site\/wp-json\/wp\/v2\/media?parent=1818"}],"curies":[{"name":"wp","href":"https:\/\/api.w.org\/{rel}","templated":true}]}}